{"id":2,"date":"2021-06-22T21:07:29","date_gmt":"2021-06-22T21:07:29","guid":{"rendered":"https:\/\/trowag.ch\/?page_id=2"},"modified":"2026-03-30T21:23:39","modified_gmt":"2026-03-30T21:23:39","slug":"sample-page","status":"publish","type":"page","link":"https:\/\/trowag.ch\/index.php\/sample-page\/","title":{"rendered":"Immobilienverwaltung"},"content":{"rendered":"\n<p>Wir sind spezialisiert auf die renditeorientierte Bewirtschaftung von Immobilien im Privatbesitz \u2013 sowohl von Einzelliegenschaften als auch von Stockwerkeigent\u00fcmergemeinschaften (STWEG).<\/p>\n\n\n\n<p>Dabei \u00fcbernehmen wir die transparente und faire Kostenverteilung gem\u00e4ss Ihren individuellen Vorgaben oder den geltenden Statuten \u2013 zuverl\u00e4ssig, nachvollziehbar und effizient.<\/p>\n\n\n\n<p>Ihre Vorteile auf einen Blick:<\/p>\n\n\n\n<ul class=\"wp-block-list\">\n<li>Professionelle buchhalterische F\u00fchrung Ihrer Immobilie <\/li>\n\n\n\n<li>Korrekte Kostenverteilung gem\u00e4ss definierten Verteilschl\u00fcsseln <\/li>\n\n\n\n<li>\u00dcbersichtliche und moderne Nebenkostenabrechnungen <\/li>\n\n\n\n<li>Automatisierte Fakturierung<\/li>\n\n\n\n<li>Laufende Kontrolle und \u00dcberwachung der Zahlungseing\u00e4nge<\/li>\n<\/ul>\n","protected":false},"excerpt":{"rendered":"<p>Wir sind spezialisiert auf die renditeorientierte Bewirtschaftung von Immobilien im Privatbesitz \u2013 sowohl von Einzelliegenschaften als auch von Stockwerkeigent\u00fcmergemeinschaften (STWEG). Dabei \u00fcbernehmen wir die transparente und faire Kostenverteilung gem\u00e4ss Ihren individuellen Vorgaben oder den geltenden Statuten \u2013 zuverl\u00e4ssig, nachvollziehbar und effizient. Ihre Vorteile auf einen Blick:<\/p>\n","protected":false},"author":1,"featured_media":0,"parent":0,"menu_order":0,"comment_status":"closed","ping_status":"closed","template":"","meta":{"footnotes":""},"class_list":["post-2","page","type-page","status-publish","hentry","entry"],"_links":{"self":[{"href":"https:\/\/trowag.ch\/index.php\/wp-json\/wp\/v2\/pages\/2","targetHints":{"allow":["GET"]}}],"collection":[{"href":"https:\/\/trowag.ch\/index.php\/wp-json\/wp\/v2\/pages"}],"about":[{"href":"https:\/\/trowag.ch\/index.php\/wp-json\/wp\/v2\/types\/page"}],"author":[{"embeddable":true,"href":"https:\/\/trowag.ch\/index.php\/wp-json\/wp\/v2\/users\/1"}],"replies":[{"embeddable":true,"href":"https:\/\/trowag.ch\/index.php\/wp-json\/wp\/v2\/comments?post=2"}],"version-history":[{"count":3,"href":"https:\/\/trowag.ch\/index.php\/wp-json\/wp\/v2\/pages\/2\/revisions"}],"predecessor-version":[{"id":76,"href":"https:\/\/trowag.ch\/index.php\/wp-json\/wp\/v2\/pages\/2\/revisions\/76"}],"wp:attachment":[{"href":"https:\/\/trowag.ch\/index.php\/wp-json\/wp\/v2\/media?parent=2"}],"curies":[{"name":"wp","href":"https:\/\/api.w.org\/{rel}","templated":true}]}}