{"id":82,"date":"2026-03-30T21:38:59","date_gmt":"2026-03-30T21:38:59","guid":{"rendered":"https:\/\/trowag.ch\/?page_id=82"},"modified":"2026-03-30T21:46:31","modified_gmt":"2026-03-30T21:46:31","slug":"dienstleistungen","status":"publish","type":"page","link":"https:\/\/trowag.ch\/index.php\/dienstleistungen\/","title":{"rendered":"Dienstleistungen"},"content":{"rendered":"\n<p><a href=\"https:\/\/trowag.ch\/index.php\/sample-page\/\" data-type=\"page\" data-id=\"2\">Immobilienverwaltung<\/a><\/p>\n\n\n\n<p>Wir sind spezialisiert auf die professionelle Bewirtschaftung von Immobilien im Privatbesitz.<br>Unser Ziel ist es, den Wert Ihrer Liegenschaft nachhaltig zu erhalten und Ihre Rendite zu optimieren \u2013 zuverl\u00e4ssig, transparent und mit pers\u00f6nlicher Betreuung.<\/p>\n\n\n\n<p><a href=\"https:\/\/trowag.ch\/index.php\/immobilienreinigungen\/\" data-type=\"page\" data-id=\"60\">Immobilienreinigung<\/a><\/p>\n\n\n\n<p>Wir \u00fcbernehmen s\u00e4mtliche Reinigungsarbeiten rund um Ihre Immobilie \u2013 von sorgf\u00e4ltigen Wohnungs\u00fcbergaben bis hin zu regelm\u00e4ssigen Unterhaltsreinigungen.<br>Dabei legen wir h\u00f6chsten Wert auf Qualit\u00e4t, Zuverl\u00e4ssigkeit und Werterhalt.<\/p>\n\n\n\n<p><a href=\"https:\/\/trowag.ch\/index.php\/immobilienverkauf\/\" data-type=\"page\" data-id=\"59\">Immobilienverkauf <\/a><\/p>\n\n\n\n<p>Wir begleiten Sie kompetent durch den gesamten Verkaufsprozess \u2013 von der ersten Entscheidung bis zur erfolgreichen Abwicklung beim Grundbuchamt.<br>Vertrauen Sie auf fundierte Marktkenntnisse und pers\u00f6nliche Beratung durch einen erfahrenen Immobilienspezialisten.<\/p>\n","protected":false},"excerpt":{"rendered":"<p>Immobilienverwaltung Wir sind spezialisiert auf die professionelle Bewirtschaftung von Immobilien im Privatbesitz.Unser Ziel ist es, den Wert Ihrer Liegenschaft nachhaltig zu erhalten und Ihre Rendite zu optimieren \u2013 zuverl\u00e4ssig, transparent und mit pers\u00f6nlicher Betreuung. Immobilienreinigung Wir \u00fcbernehmen s\u00e4mtliche Reinigungsarbeiten rund um Ihre Immobilie \u2013 von sorgf\u00e4ltigen Wohnungs\u00fcbergaben bis hin zu regelm\u00e4ssigen Unterhaltsreinigungen.Dabei legen wir h\u00f6chsten &hellip; <\/p>\n<p class=\"link-more\"><a href=\"https:\/\/trowag.ch\/index.php\/dienstleistungen\/\" class=\"more-link\"><span class=\"screen-reader-text\">\u201eDienstleistungen\u201c<\/span> weiterlesen<\/a><\/p>\n","protected":false},"author":1,"featured_media":0,"parent":0,"menu_order":0,"comment_status":"closed","ping_status":"closed","template":"","meta":{"footnotes":""},"class_list":["post-82","page","type-page","status-publish","hentry","entry"],"_links":{"self":[{"href":"https:\/\/trowag.ch\/index.php\/wp-json\/wp\/v2\/pages\/82","targetHints":{"allow":["GET"]}}],"collection":[{"href":"https:\/\/trowag.ch\/index.php\/wp-json\/wp\/v2\/pages"}],"about":[{"href":"https:\/\/trowag.ch\/index.php\/wp-json\/wp\/v2\/types\/page"}],"author":[{"embeddable":true,"href":"https:\/\/trowag.ch\/index.php\/wp-json\/wp\/v2\/users\/1"}],"replies":[{"embeddable":true,"href":"https:\/\/trowag.ch\/index.php\/wp-json\/wp\/v2\/comments?post=82"}],"version-history":[{"count":3,"href":"https:\/\/trowag.ch\/index.php\/wp-json\/wp\/v2\/pages\/82\/revisions"}],"predecessor-version":[{"id":89,"href":"https:\/\/trowag.ch\/index.php\/wp-json\/wp\/v2\/pages\/82\/revisions\/89"}],"wp:attachment":[{"href":"https:\/\/trowag.ch\/index.php\/wp-json\/wp\/v2\/media?parent=82"}],"curies":[{"name":"wp","href":"https:\/\/api.w.org\/{rel}","templated":true}]}}